{"id":16,"date":"2025-12-17T09:57:03","date_gmt":"2025-12-17T08:57:03","guid":{"rendered":"https:\/\/litteraterra.fr\/?page_id=16"},"modified":"2026-02-01T09:23:29","modified_gmt":"2026-02-01T08:23:29","slug":"litteraterra","status":"publish","type":"page","link":"https:\/\/litteraterra.fr\/","title":{"rendered":"LitteraTerra"},"content":{"rendered":"\n<div class=\"wp-block-group has-black-background-color has-background\"><div class=\"wp-block-group__inner-container is-layout-constrained wp-block-group-is-layout-constrained\">\n<p><strong>A quoi \u00e7a ressemble, un po\u00e8te&nbsp;?<\/strong><\/p>\n\n\n\n<p><strong>\u00ab&nbsp;<em>C\u2019est dedans que \u00e7a se passe. Si \u00e7a se reconna\u00eet, c\u2019est peut-\u00eatre \u00e0 une certaine fa\u00e7on de parler des choses, m\u00eame les plus ordinaires&nbsp;: plus secr\u00e8te, plus grave, plus \u00e9tonn\u00e9e ou plus gourmande. En pronon\u00e7ant chaque mot comme s\u2019il en valait mille, comme s\u2019il disait ce qu\u2019il dit et soudain mille fois plus encore<\/em>&nbsp;\u00bb.<\/strong><\/p>\n\n\n\n<p><strong>Jean-Pierre Sim\u00e9on (A\u00efe&nbsp;! Un po\u00e8te)<\/strong><\/p>\n<\/div><\/div>\n\n\n\n<div class=\"wp-block-columns is-layout-flex wp-container-core-columns-is-layout-9d6595d7 wp-block-columns-is-layout-flex\">\n<div class=\"wp-block-column is-layout-flow wp-block-column-is-layout-flow\">\n<p class=\"has-text-align-center has-red-background-color has-background\" style=\"font-size:22px\">Parcourir la litt\u00e9rature et la po\u00e9sie comme on traverserait une for\u00eat, avec ses espaces sombres, clairi\u00e8res, sonorit\u00e9s, couleurs selon les saisons<\/p>\n\n\n\n<div class=\"wp-block-columns is-layout-flex wp-container-core-columns-is-layout-9d6595d7 wp-block-columns-is-layout-flex\">\n<div class=\"wp-block-column is-layout-flow wp-block-column-is-layout-flow\">\n<p class=\"has-text-align-center has-green-background-color has-background\" style=\"font-size:22px\">Choisir d&rsquo;avancer avec ou sans balises<\/p>\n<\/div>\n<\/div>\n\n\n\n<div class=\"wp-block-columns is-layout-flex wp-container-core-columns-is-layout-9d6595d7 wp-block-columns-is-layout-flex\">\n<div class=\"wp-block-column is-layout-flow wp-block-column-is-layout-flow\" style=\"flex-basis:100%\">\n<div class=\"wp-block-columns is-layout-flex wp-container-core-columns-is-layout-9d6595d7 wp-block-columns-is-layout-flex\">\n<div class=\"wp-block-column is-layout-flow wp-block-column-is-layout-flow\">\n<p class=\"has-text-align-center has-red-background-color has-background\" style=\"font-size:22px\">Croiser des esp\u00e8ces nouvelles ou en voie de disparition<\/p>\n<\/div>\n<\/div>\n<\/div>\n<\/div>\n<\/div>\n<\/div>\n\n\n\n<p><\/p>\n\n\n\n<p><\/p>\n","protected":false},"excerpt":{"rendered":"<p>A quoi \u00e7a ressemble, un po\u00e8te&nbsp;? \u00ab&nbsp;C\u2019est dedans que \u00e7a se passe. Si \u00e7a se reconna\u00eet, c\u2019est peut-\u00eatre \u00e0 une certaine fa\u00e7on de parler des choses, m\u00eame les plus ordinaires&nbsp;: plus secr\u00e8te, plus grave, plus \u00e9tonn\u00e9e ou plus gourmande. En pronon\u00e7ant chaque mot comme s\u2019il en valait mille, comme s\u2019il disait ce qu\u2019il dit et&hellip; <a class=\"more-link\" href=\"https:\/\/litteraterra.fr\/\">Poursuivre la lecture <span class=\"screen-reader-text\">LitteraTerra<\/span><\/a><\/p>\n","protected":false},"author":1,"featured_media":45,"parent":0,"menu_order":0,"comment_status":"closed","ping_status":"closed","template":"","meta":{"footnotes":""},"class_list":["post-16","page","type-page","status-publish","has-post-thumbnail","hentry","entry"],"_links":{"self":[{"href":"https:\/\/litteraterra.fr\/index.php?rest_route=\/wp\/v2\/pages\/16","targetHints":{"allow":["GET"]}}],"collection":[{"href":"https:\/\/litteraterra.fr\/index.php?rest_route=\/wp\/v2\/pages"}],"about":[{"href":"https:\/\/litteraterra.fr\/index.php?rest_route=\/wp\/v2\/types\/page"}],"author":[{"embeddable":true,"href":"https:\/\/litteraterra.fr\/index.php?rest_route=\/wp\/v2\/users\/1"}],"replies":[{"embeddable":true,"href":"https:\/\/litteraterra.fr\/index.php?rest_route=%2Fwp%2Fv2%2Fcomments&post=16"}],"version-history":[{"count":17,"href":"https:\/\/litteraterra.fr\/index.php?rest_route=\/wp\/v2\/pages\/16\/revisions"}],"predecessor-version":[{"id":60,"href":"https:\/\/litteraterra.fr\/index.php?rest_route=\/wp\/v2\/pages\/16\/revisions\/60"}],"wp:featuredmedia":[{"embeddable":true,"href":"https:\/\/litteraterra.fr\/index.php?rest_route=\/wp\/v2\/media\/45"}],"wp:attachment":[{"href":"https:\/\/litteraterra.fr\/index.php?rest_route=%2Fwp%2Fv2%2Fmedia&parent=16"}],"curies":[{"name":"wp","href":"https:\/\/api.w.org\/{rel}","templated":true}]}}